{"id":28,"date":"2021-01-18T20:47:21","date_gmt":"2021-01-18T20:47:21","guid":{"rendered":"https:\/\/www.enterpriseia.com\/?page_id=28"},"modified":"2023-03-07T18:37:33","modified_gmt":"2023-03-07T18:37:33","slug":"nosotros","status":"publish","type":"page","link":"https:\/\/www.enterpriseia.com\/en\/nosotros\/","title":{"rendered":"About Us"},"content":{"rendered":"<div data-elementor-type=\"wp-page\" data-elementor-id=\"28\" class=\"elementor elementor-28\" data-elementor-post-type=\"page\">\n\t\t\t\t\t\t<section class=\"elementor-section elementor-top-section elementor-element elementor-element-2c867db elementor-section-height-min-height elementor-section-content-middle elementor-section-boxed elementor-section-height-default elementor-section-items-middle\" data-id=\"2c867db\" data-element_type=\"section\" data-e-type=\"section\" data-settings=\"{&quot;background_background&quot;:&quot;classic&quot;}\">\n\t\t\t\t\t\t<div class=\"elementor-container elementor-column-gap-no\">\n\t\t\t\t\t<div class=\"elementor-column elementor-col-100 elementor-top-column elementor-element elementor-element-953e143\" data-id=\"953e143\" data-element_type=\"column\" data-e-type=\"column\">\n\t\t\t<div class=\"elementor-widget-wrap elementor-element-populated\">\n\t\t\t\t\t\t<div class=\"elementor-element elementor-element-f3d1069 elementor-widget elementor-widget-heading\" data-id=\"f3d1069\" data-element_type=\"widget\" data-e-type=\"widget\" data-widget_type=\"heading.default\">\n\t\t\t\t<div class=\"elementor-widget-container\">\n\t\t\t\t\t<h2 class=\"elementor-heading-title elementor-size-default\">About Us<\/h2>\t\t\t\t<\/div>\n\t\t\t\t<\/div>\n\t\t\t\t<div class=\"elementor-element elementor-element-4e453e5 elementor-widget elementor-widget-heading\" data-id=\"4e453e5\" data-element_type=\"widget\" data-e-type=\"widget\" data-widget_type=\"heading.default\">\n\t\t\t\t<div class=\"elementor-widget-container\">\n\t\t\t\t\t<h2 class=\"elementor-heading-title elementor-size-default\">About Us<\/h2>\t\t\t\t<\/div>\n\t\t\t\t<\/div>\n\t\t\t\t\t<\/div>\n\t\t<\/div>\n\t\t\t\t\t<\/div>\n\t\t<\/section>\n\t\t\t\t<section class=\"elementor-section elementor-top-section elementor-element elementor-element-71f09ab9 elementor-section-content-middle elementor-section-boxed elementor-section-height-default elementor-section-height-default\" data-id=\"71f09ab9\" data-element_type=\"section\" data-e-type=\"section\" data-settings=\"{&quot;background_background&quot;:&quot;classic&quot;}\">\n\t\t\t\t\t\t<div class=\"elementor-container elementor-column-gap-no\">\n\t\t\t\t\t<div class=\"elementor-column elementor-col-50 elementor-top-column elementor-element elementor-element-4b7d781\" data-id=\"4b7d781\" data-element_type=\"column\" data-e-type=\"column\">\n\t\t\t<div class=\"elementor-widget-wrap elementor-element-populated\">\n\t\t\t\t\t\t<div class=\"elementor-element elementor-element-b132d59 elementor-widget elementor-widget-image\" data-id=\"b132d59\" data-element_type=\"widget\" data-e-type=\"widget\" data-widget_type=\"image.default\">\n\t\t\t\t<div class=\"elementor-widget-container\">\n\t\t\t\t\t\t\t\t\t\t\t\t\t\t\t<img decoding=\"async\" width=\"168\" height=\"177\" src=\"https:\/\/www.enterpriseia.com\/wp-content\/uploads\/2022\/11\/Icono-Enterprise-Insurance-.png\" class=\"attachment-large size-large wp-image-1348\" alt=\"\" \/>\t\t\t\t\t\t\t\t\t\t\t\t\t\t\t<\/div>\n\t\t\t\t<\/div>\n\t\t\t\t<div class=\"elementor-element elementor-element-a83eeca elementor-widget elementor-widget-text-editor\" data-id=\"a83eeca\" data-element_type=\"widget\" data-e-type=\"widget\" data-widget_type=\"text-editor.default\">\n\t\t\t\t<div class=\"elementor-widget-container\">\n\t\t\t\t\t\t\t\t\t<p>It's nice to meet you<\/p>\t\t\t\t\t\t\t\t<\/div>\n\t\t\t\t<\/div>\n\t\t\t\t<div class=\"elementor-element elementor-element-a415797 elementor-widget elementor-widget-heading\" data-id=\"a415797\" data-element_type=\"widget\" data-e-type=\"widget\" data-widget_type=\"heading.default\">\n\t\t\t\t<div class=\"elementor-widget-container\">\n\t\t\t\t\t<h2 class=\"elementor-heading-title elementor-size-default\">About us<\/h2>\t\t\t\t<\/div>\n\t\t\t\t<\/div>\n\t\t\t\t<div class=\"elementor-element elementor-element-49ef348 elementor-widget elementor-widget-text-editor\" data-id=\"49ef348\" data-element_type=\"widget\" data-e-type=\"widget\" data-widget_type=\"text-editor.default\">\n\t\t\t\t<div class=\"elementor-widget-container\">\n\t\t\t\t\t\t\t\t\t<p>Our extensive experience as Enterprise Solutions Accounting, providing accounting and consulting services to individuals and businesses in New Jersey and Pennsylvania, prompted us to take new paths.<\/p><p>Since 2020 we started with great motivation to help people and companies protect themselves from the different risks they face, offering them a solid offer of commercial, automobile and home insurance with the creation of Enterprise Insurance Agency.<\/p><p>Our highly trained team offers our clients peace of mind and confidence when it comes to making the best decision to insure their own businesses, homes and vehicles. Your safety is our greatest motivation.<\/p>\t\t\t\t\t\t\t\t<\/div>\n\t\t\t\t<\/div>\n\t\t\t\t\t<\/div>\n\t\t<\/div>\n\t\t\t\t<div class=\"elementor-column elementor-col-50 elementor-top-column elementor-element elementor-element-449cba51\" data-id=\"449cba51\" data-element_type=\"column\" data-e-type=\"column\" data-settings=\"{&quot;background_background&quot;:&quot;classic&quot;}\">\n\t\t\t<div class=\"elementor-widget-wrap elementor-element-populated\">\n\t\t\t\t\t<div class=\"elementor-background-overlay\"><\/div>\n\t\t\t\t\t\t<div class=\"elementor-element elementor-element-535c0836 elementor-widget elementor-widget-image\" data-id=\"535c0836\" data-element_type=\"widget\" data-e-type=\"widget\" data-widget_type=\"image.default\">\n\t\t\t\t<div class=\"elementor-widget-container\">\n\t\t\t\t\t\t\t\t\t\t\t\t\t\t\t<img fetchpriority=\"high\" decoding=\"async\" width=\"733\" height=\"896\" src=\"https:\/\/www.enterpriseia.com\/wp-content\/uploads\/2023\/03\/Elizabeth-Enterprise-Insurance.webp\" class=\"attachment-full size-full wp-image-2826\" alt=\"\" srcset=\"https:\/\/www.enterpriseia.com\/wp-content\/uploads\/2023\/03\/Elizabeth-Enterprise-Insurance.webp 733w, https:\/\/www.enterpriseia.com\/wp-content\/uploads\/2023\/03\/Elizabeth-Enterprise-Insurance-245x300.webp 245w, https:\/\/www.enterpriseia.com\/wp-content\/uploads\/2023\/03\/Elizabeth-Enterprise-Insurance-10x12.webp 10w\" sizes=\"(max-width: 733px) 100vw, 733px\" \/>\t\t\t\t\t\t\t\t\t\t\t\t\t\t\t<\/div>\n\t\t\t\t<\/div>\n\t\t\t\t<div class=\"elementor-element elementor-element-7e7292f7 elementor-widget elementor-widget-heading\" data-id=\"7e7292f7\" data-element_type=\"widget\" data-e-type=\"widget\" data-widget_type=\"heading.default\">\n\t\t\t\t<div class=\"elementor-widget-container\">\n\t\t\t\t\t<h6 class=\"elementor-heading-title elementor-size-default\">Elizabeth Ramirez<\/h6>\t\t\t\t<\/div>\n\t\t\t\t<\/div>\n\t\t\t\t<div class=\"elementor-element elementor-element-1b47726 elementor-widget elementor-widget-heading\" data-id=\"1b47726\" data-element_type=\"widget\" data-e-type=\"widget\" data-widget_type=\"heading.default\">\n\t\t\t\t<div class=\"elementor-widget-container\">\n\t\t\t\t\t<h6 class=\"elementor-heading-title elementor-size-default\">Licensed Producer<\/h6>\t\t\t\t<\/div>\n\t\t\t\t<\/div>\n\t\t\t\t\t<\/div>\n\t\t<\/div>\n\t\t\t\t\t<\/div>\n\t\t<\/section>\n\t\t\t\t<section class=\"elementor-section elementor-top-section elementor-element elementor-element-435392d elementor-section-boxed elementor-section-height-default elementor-section-height-default\" data-id=\"435392d\" data-element_type=\"section\" data-e-type=\"section\" data-settings=\"{&quot;background_background&quot;:&quot;gradient&quot;}\">\n\t\t\t\t\t\t\t<div class=\"elementor-background-overlay\"><\/div>\n\t\t\t\t\t\t\t<div class=\"elementor-container elementor-column-gap-default\">\n\t\t\t\t\t<div class=\"elementor-column elementor-col-100 elementor-top-column elementor-element elementor-element-149463f\" data-id=\"149463f\" data-element_type=\"column\" data-e-type=\"column\">\n\t\t\t<div class=\"elementor-widget-wrap elementor-element-populated\">\n\t\t\t\t\t\t<section class=\"elementor-section elementor-inner-section elementor-element elementor-element-58495a1 elementor-section-boxed elementor-section-height-default elementor-section-height-default\" data-id=\"58495a1\" data-element_type=\"section\" data-e-type=\"section\" data-settings=\"{&quot;background_background&quot;:&quot;gradient&quot;}\">\n\t\t\t\t\t\t<div class=\"elementor-container elementor-column-gap-default\">\n\t\t\t\t\t<div class=\"elementor-column elementor-col-100 elementor-inner-column elementor-element elementor-element-00ac649\" data-id=\"00ac649\" data-element_type=\"column\" data-e-type=\"column\" data-settings=\"{&quot;background_background&quot;:&quot;gradient&quot;}\">\n\t\t\t<div class=\"elementor-widget-wrap elementor-element-populated\">\n\t\t\t\t\t\t<div class=\"elementor-element elementor-element-2a2b98e elementor-widget__width-initial elementor-widget elementor-widget-image\" data-id=\"2a2b98e\" data-element_type=\"widget\" data-e-type=\"widget\" data-widget_type=\"image.default\">\n\t\t\t\t<div class=\"elementor-widget-container\">\n\t\t\t\t\t\t\t\t\t\t\t\t\t\t\t<img decoding=\"async\" width=\"168\" height=\"177\" src=\"https:\/\/www.enterpriseia.com\/wp-content\/uploads\/2022\/11\/Icono-Enterprise-Insurance-.png\" class=\"attachment-large size-large wp-image-1348\" alt=\"\" \/>\t\t\t\t\t\t\t\t\t\t\t\t\t\t\t<\/div>\n\t\t\t\t<\/div>\n\t\t\t\t<div class=\"elementor-element elementor-element-36d1263 elementor-widget__width-auto elementor-widget elementor-widget-text-editor\" data-id=\"36d1263\" data-element_type=\"widget\" data-e-type=\"widget\" data-widget_type=\"text-editor.default\">\n\t\t\t\t<div class=\"elementor-widget-container\">\n\t\t\t\t\t\t\t\t\t<p>Our motivation<\/p>\t\t\t\t\t\t\t\t<\/div>\n\t\t\t\t<\/div>\n\t\t\t\t<div class=\"elementor-element elementor-element-1c3afa0 elementor-widget elementor-widget-heading\" data-id=\"1c3afa0\" data-element_type=\"widget\" data-e-type=\"widget\" data-widget_type=\"heading.default\">\n\t\t\t\t<div class=\"elementor-widget-container\">\n\t\t\t\t\t<h2 class=\"elementor-heading-title elementor-size-default\">Why do we do it?<\/h2>\t\t\t\t<\/div>\n\t\t\t\t<\/div>\n\t\t\t\t<div class=\"elementor-element elementor-element-878a415 elementor-widget elementor-widget-text-editor\" data-id=\"878a415\" data-element_type=\"widget\" data-e-type=\"widget\" data-widget_type=\"text-editor.default\">\n\t\t\t\t<div class=\"elementor-widget-container\">\n\t\t\t\t\t\t\t\t\t<p>Our main objective is to offer solutions to the needs of our community, we have a great reputation in the area of accounting and commercial advice, now we offer protection for your business, home and automobiles through our insurance services. Our firm provides outstanding service to our clients due to the principles of: professionalism, responsiveness, and quality.<\/p>\t\t\t\t\t\t\t\t<\/div>\n\t\t\t\t<\/div>\n\t\t\t\t\t<\/div>\n\t\t<\/div>\n\t\t\t\t\t<\/div>\n\t\t<\/section>\n\t\t\t\t\t<\/div>\n\t\t<\/div>\n\t\t\t\t\t<\/div>\n\t\t<\/section>\n\t\t\t\t<\/div>","protected":false},"excerpt":{"rendered":"<p>Nosotros Nosotros Es un gusto conocerte Sobre Nosotros Nuestra amplia experiencia como Enterprise Solutions Accounting, brindando servicios de contabilidad y consultor\u00eda a personas y negocios en New Jersey y Pennsylvania, nos impuls\u00f3 a tomar nuevos caminos. Desde 2020 partimos con gran motivaci\u00f3n para ayudar a las personas y empresas a protegerse de los diferentes riesgos [&hellip;]<\/p>\n","protected":false},"author":1,"featured_media":0,"parent":0,"menu_order":0,"comment_status":"closed","ping_status":"closed","template":"","meta":{"footnotes":""},"class_list":["post-28","page","type-page","status-publish","hentry"],"yoast_head":"<!-- This site is optimized with the Yoast SEO plugin v27.4 - https:\/\/yoast.com\/product\/yoast-seo-wordpress\/ -->\n<title>Nosotros - Enterprise<\/title>\n<meta name=\"robots\" content=\"index, follow, max-snippet:-1, max-image-preview:large, max-video-preview:-1\" \/>\n<link rel=\"canonical\" href=\"https:\/\/www.enterpriseia.com\/en\/nosotros\/\" \/>\n<meta property=\"og:locale\" content=\"en_US\" \/>\n<meta property=\"og:type\" content=\"article\" \/>\n<meta property=\"og:title\" content=\"Nosotros - Enterprise\" \/>\n<meta property=\"og:description\" content=\"Nosotros Nosotros Es un gusto conocerte Sobre Nosotros Nuestra amplia experiencia como Enterprise Solutions Accounting, brindando servicios de contabilidad y consultor\u00eda a personas y negocios en New Jersey y Pennsylvania, nos impuls\u00f3 a tomar nuevos caminos. Desde 2020 partimos con gran motivaci\u00f3n para ayudar a las personas y empresas a protegerse de los diferentes riesgos [&hellip;]\" \/>\n<meta property=\"og:url\" content=\"https:\/\/www.enterpriseia.com\/en\/nosotros\/\" \/>\n<meta property=\"og:site_name\" content=\"Enterprise\" \/>\n<meta property=\"article:modified_time\" content=\"2023-03-07T18:37:33+00:00\" \/>\n<meta property=\"og:image\" content=\"https:\/\/www.enterpriseia.com\/wp-content\/uploads\/2022\/11\/Icono-Enterprise-Insurance-.png\" \/>\n<meta name=\"twitter:card\" content=\"summary_large_image\" \/>\n<meta name=\"twitter:label1\" content=\"Est. reading time\" \/>\n\t<meta name=\"twitter:data1\" content=\"2 minutes\" \/>\n<script type=\"application\/ld+json\" class=\"yoast-schema-graph\">{\"@context\":\"https:\\\/\\\/schema.org\",\"@graph\":[{\"@type\":\"WebPage\",\"@id\":\"https:\\\/\\\/www.enterpriseia.com\\\/nosotros\\\/\",\"url\":\"https:\\\/\\\/www.enterpriseia.com\\\/nosotros\\\/\",\"name\":\"Nosotros - Enterprise\",\"isPartOf\":{\"@id\":\"https:\\\/\\\/www.enterpriseia.com\\\/#website\"},\"primaryImageOfPage\":{\"@id\":\"https:\\\/\\\/www.enterpriseia.com\\\/nosotros\\\/#primaryimage\"},\"image\":{\"@id\":\"https:\\\/\\\/www.enterpriseia.com\\\/nosotros\\\/#primaryimage\"},\"thumbnailUrl\":\"https:\\\/\\\/www.enterpriseia.com\\\/wp-content\\\/uploads\\\/2022\\\/11\\\/Icono-Enterprise-Insurance-.png\",\"datePublished\":\"2021-01-18T20:47:21+00:00\",\"dateModified\":\"2023-03-07T18:37:33+00:00\",\"breadcrumb\":{\"@id\":\"https:\\\/\\\/www.enterpriseia.com\\\/nosotros\\\/#breadcrumb\"},\"inLanguage\":\"en-US\",\"potentialAction\":[{\"@type\":\"ReadAction\",\"target\":[\"https:\\\/\\\/www.enterpriseia.com\\\/nosotros\\\/\"]}]},{\"@type\":\"ImageObject\",\"inLanguage\":\"en-US\",\"@id\":\"https:\\\/\\\/www.enterpriseia.com\\\/nosotros\\\/#primaryimage\",\"url\":\"https:\\\/\\\/www.enterpriseia.com\\\/wp-content\\\/uploads\\\/2022\\\/11\\\/Icono-Enterprise-Insurance-.png\",\"contentUrl\":\"https:\\\/\\\/www.enterpriseia.com\\\/wp-content\\\/uploads\\\/2022\\\/11\\\/Icono-Enterprise-Insurance-.png\"},{\"@type\":\"BreadcrumbList\",\"@id\":\"https:\\\/\\\/www.enterpriseia.com\\\/nosotros\\\/#breadcrumb\",\"itemListElement\":[{\"@type\":\"ListItem\",\"position\":1,\"name\":\"Portada\",\"item\":\"https:\\\/\\\/www.enterpriseia.com\\\/\"},{\"@type\":\"ListItem\",\"position\":2,\"name\":\"Nosotros\"}]},{\"@type\":\"WebSite\",\"@id\":\"https:\\\/\\\/www.enterpriseia.com\\\/#website\",\"url\":\"https:\\\/\\\/www.enterpriseia.com\\\/\",\"name\":\"Enterprise\",\"description\":\"Insurance Agency\",\"publisher\":{\"@id\":\"https:\\\/\\\/www.enterpriseia.com\\\/#organization\"},\"potentialAction\":[{\"@type\":\"SearchAction\",\"target\":{\"@type\":\"EntryPoint\",\"urlTemplate\":\"https:\\\/\\\/www.enterpriseia.com\\\/?s={search_term_string}\"},\"query-input\":{\"@type\":\"PropertyValueSpecification\",\"valueRequired\":true,\"valueName\":\"search_term_string\"}}],\"inLanguage\":\"en-US\"},{\"@type\":\"Organization\",\"@id\":\"https:\\\/\\\/www.enterpriseia.com\\\/#organization\",\"name\":\"Enterprise\",\"url\":\"https:\\\/\\\/www.enterpriseia.com\\\/\",\"logo\":{\"@type\":\"ImageObject\",\"inLanguage\":\"en-US\",\"@id\":\"https:\\\/\\\/www.enterpriseia.com\\\/#\\\/schema\\\/logo\\\/image\\\/\",\"url\":\"https:\\\/\\\/www.enterpriseia.com\\\/wp-content\\\/uploads\\\/2021\\\/01\\\/Enterprise-Insurance-Agency.png\",\"contentUrl\":\"https:\\\/\\\/www.enterpriseia.com\\\/wp-content\\\/uploads\\\/2021\\\/01\\\/Enterprise-Insurance-Agency.png\",\"width\":700,\"height\":149,\"caption\":\"Enterprise\"},\"image\":{\"@id\":\"https:\\\/\\\/www.enterpriseia.com\\\/#\\\/schema\\\/logo\\\/image\\\/\"}}]}<\/script>\n<!-- \/ Yoast SEO plugin. -->","yoast_head_json":{"title":"Nosotros - Enterprise","robots":{"index":"index","follow":"follow","max-snippet":"max-snippet:-1","max-image-preview":"max-image-preview:large","max-video-preview":"max-video-preview:-1"},"canonical":"https:\/\/www.enterpriseia.com\/en\/nosotros\/","og_locale":"en_US","og_type":"article","og_title":"Nosotros - Enterprise","og_description":"Nosotros Nosotros Es un gusto conocerte Sobre Nosotros Nuestra amplia experiencia como Enterprise Solutions Accounting, brindando servicios de contabilidad y consultor\u00eda a personas y negocios en New Jersey y Pennsylvania, nos impuls\u00f3 a tomar nuevos caminos. Desde 2020 partimos con gran motivaci\u00f3n para ayudar a las personas y empresas a protegerse de los diferentes riesgos [&hellip;]","og_url":"https:\/\/www.enterpriseia.com\/en\/nosotros\/","og_site_name":"Enterprise","article_modified_time":"2023-03-07T18:37:33+00:00","og_image":[{"url":"https:\/\/www.enterpriseia.com\/wp-content\/uploads\/2022\/11\/Icono-Enterprise-Insurance-.png","type":"","width":"","height":""}],"twitter_card":"summary_large_image","twitter_misc":{"Est. reading time":"2 minutes"},"schema":{"@context":"https:\/\/schema.org","@graph":[{"@type":"WebPage","@id":"https:\/\/www.enterpriseia.com\/nosotros\/","url":"https:\/\/www.enterpriseia.com\/nosotros\/","name":"Nosotros - Enterprise","isPartOf":{"@id":"https:\/\/www.enterpriseia.com\/#website"},"primaryImageOfPage":{"@id":"https:\/\/www.enterpriseia.com\/nosotros\/#primaryimage"},"image":{"@id":"https:\/\/www.enterpriseia.com\/nosotros\/#primaryimage"},"thumbnailUrl":"https:\/\/www.enterpriseia.com\/wp-content\/uploads\/2022\/11\/Icono-Enterprise-Insurance-.png","datePublished":"2021-01-18T20:47:21+00:00","dateModified":"2023-03-07T18:37:33+00:00","breadcrumb":{"@id":"https:\/\/www.enterpriseia.com\/nosotros\/#breadcrumb"},"inLanguage":"en-US","potentialAction":[{"@type":"ReadAction","target":["https:\/\/www.enterpriseia.com\/nosotros\/"]}]},{"@type":"ImageObject","inLanguage":"en-US","@id":"https:\/\/www.enterpriseia.com\/nosotros\/#primaryimage","url":"https:\/\/www.enterpriseia.com\/wp-content\/uploads\/2022\/11\/Icono-Enterprise-Insurance-.png","contentUrl":"https:\/\/www.enterpriseia.com\/wp-content\/uploads\/2022\/11\/Icono-Enterprise-Insurance-.png"},{"@type":"BreadcrumbList","@id":"https:\/\/www.enterpriseia.com\/nosotros\/#breadcrumb","itemListElement":[{"@type":"ListItem","position":1,"name":"Portada","item":"https:\/\/www.enterpriseia.com\/"},{"@type":"ListItem","position":2,"name":"Nosotros"}]},{"@type":"WebSite","@id":"https:\/\/www.enterpriseia.com\/#website","url":"https:\/\/www.enterpriseia.com\/","name":"Enterprise","description":"Insurance Agency","publisher":{"@id":"https:\/\/www.enterpriseia.com\/#organization"},"potentialAction":[{"@type":"SearchAction","target":{"@type":"EntryPoint","urlTemplate":"https:\/\/www.enterpriseia.com\/?s={search_term_string}"},"query-input":{"@type":"PropertyValueSpecification","valueRequired":true,"valueName":"search_term_string"}}],"inLanguage":"en-US"},{"@type":"Organization","@id":"https:\/\/www.enterpriseia.com\/#organization","name":"Enterprise","url":"https:\/\/www.enterpriseia.com\/","logo":{"@type":"ImageObject","inLanguage":"en-US","@id":"https:\/\/www.enterpriseia.com\/#\/schema\/logo\/image\/","url":"https:\/\/www.enterpriseia.com\/wp-content\/uploads\/2021\/01\/Enterprise-Insurance-Agency.png","contentUrl":"https:\/\/www.enterpriseia.com\/wp-content\/uploads\/2021\/01\/Enterprise-Insurance-Agency.png","width":700,"height":149,"caption":"Enterprise"},"image":{"@id":"https:\/\/www.enterpriseia.com\/#\/schema\/logo\/image\/"}}]}},"_links":{"self":[{"href":"https:\/\/www.enterpriseia.com\/en\/wp-json\/wp\/v2\/pages\/28","targetHints":{"allow":["GET"]}}],"collection":[{"href":"https:\/\/www.enterpriseia.com\/en\/wp-json\/wp\/v2\/pages"}],"about":[{"href":"https:\/\/www.enterpriseia.com\/en\/wp-json\/wp\/v2\/types\/page"}],"author":[{"embeddable":true,"href":"https:\/\/www.enterpriseia.com\/en\/wp-json\/wp\/v2\/users\/1"}],"replies":[{"embeddable":true,"href":"https:\/\/www.enterpriseia.com\/en\/wp-json\/wp\/v2\/comments?post=28"}],"version-history":[{"count":121,"href":"https:\/\/www.enterpriseia.com\/en\/wp-json\/wp\/v2\/pages\/28\/revisions"}],"predecessor-version":[{"id":2829,"href":"https:\/\/www.enterpriseia.com\/en\/wp-json\/wp\/v2\/pages\/28\/revisions\/2829"}],"wp:attachment":[{"href":"https:\/\/www.enterpriseia.com\/en\/wp-json\/wp\/v2\/media?parent=28"}],"curies":[{"name":"wp","href":"https:\/\/api.w.org\/{rel}","templated":true}]}}